{"id":14797,"date":"2023-12-04T20:04:37","date_gmt":"2023-12-04T20:04:37","guid":{"rendered":"https:\/\/www.colsanfrancisco.edu.co\/web\/?page_id=14797"},"modified":"2023-12-15T16:09:32","modified_gmt":"2023-12-15T16:09:32","slug":"galeria","status":"publish","type":"page","link":"https:\/\/www.colsanfrancisco.edu.co\/web\/galeria\/","title":{"rendered":"Galer\u00eda"},"content":{"rendered":"\t\t<div data-elementor-type=\"wp-page\" data-elementor-id=\"14797\" class=\"elementor elementor-14797\">\n\t\t\t\t\t\t<section class=\"elementor-section elementor-top-section elementor-element elementor-element-18247107 elementor-section-boxed elementor-section-height-default elementor-section-height-default\" data-id=\"18247107\" data-element_type=\"section\" data-settings=\"{&quot;shape_divider_top&quot;:&quot;mountains&quot;}\">\n\t\t\t\t\t<div class=\"elementor-shape elementor-shape-top\" data-negative=\"false\">\n\t\t\t<svg xmlns=\"http:\/\/www.w3.org\/2000\/svg\" viewBox=\"0 0 1000 100\" preserveAspectRatio=\"none\">\n\t<path class=\"elementor-shape-fill\" opacity=\"0.33\" d=\"M473,67.3c-203.9,88.3-263.1-34-320.3,0C66,119.1,0,59.7,0,59.7V0h1000v59.7 c0,0-62.1,26.1-94.9,29.3c-32.8,3.3-62.8-12.3-75.8-22.1C806,49.6,745.3,8.7,694.9,4.7S492.4,59,473,67.3z\"\/>\n\t<path class=\"elementor-shape-fill\" opacity=\"0.66\" d=\"M734,67.3c-45.5,0-77.2-23.2-129.1-39.1c-28.6-8.7-150.3-10.1-254,39.1 s-91.7-34.4-149.2,0C115.7,118.3,0,39.8,0,39.8V0h1000v36.5c0,0-28.2-18.5-92.1-18.5C810.2,18.1,775.7,67.3,734,67.3z\"\/>\n\t<path class=\"elementor-shape-fill\" d=\"M766.1,28.9c-200-57.5-266,65.5-395.1,19.5C242,1.8,242,5.4,184.8,20.6C128,35.8,132.3,44.9,89.9,52.5C28.6,63.7,0,0,0,0 h1000c0,0-9.9,40.9-83.6,48.1S829.6,47,766.1,28.9z\"\/>\n<\/svg>\t\t<\/div>\n\t\t\t\t\t<div class=\"elementor-container elementor-column-gap-default\">\n\t\t\t\t\t<div class=\"elementor-column elementor-col-100 elementor-top-column elementor-element elementor-element-200c83a7\" data-id=\"200c83a7\" data-element_type=\"column\">\n\t\t\t<div class=\"elementor-widget-wrap elementor-element-populated\">\n\t\t\t\t\t\t<div class=\"elementor-element elementor-element-366f223 elementor-widget elementor-widget-spacer\" data-id=\"366f223\" data-element_type=\"widget\" data-widget_type=\"spacer.default\">\n\t\t\t\t<div class=\"elementor-widget-container\">\n\t\t\t\t\t\t\t<div class=\"elementor-spacer\">\n\t\t\t<div class=\"elementor-spacer-inner\"><\/div>\n\t\t<\/div>\n\t\t\t\t\t\t<\/div>\n\t\t\t\t<\/div>\n\t\t\t\t<div class=\"elementor-element elementor-element-582e638 elementor-widget elementor-widget-heading\" data-id=\"582e638\" data-element_type=\"widget\" data-widget_type=\"heading.default\">\n\t\t\t\t<div class=\"elementor-widget-container\">\n\t\t\t\t\t<h2 class=\"elementor-heading-title elementor-size-default\">Galer\u00eda Maestra<\/h2>\t\t\t\t<\/div>\n\t\t\t\t<\/div>\n\t\t\t\t<div class=\"elementor-element elementor-element-8a16a64 elementor-widget elementor-widget-text-editor\" data-id=\"8a16a64\" data-element_type=\"widget\" data-widget_type=\"text-editor.default\">\n\t\t\t\t<div class=\"elementor-widget-container\">\n\t\t\t\t\t\t\t\t\t<p>Bienvenido al epicentro visual donde convergen todas nuestras galer\u00edas de fotos. Explora la diversidad de momentos capturados y sum\u00e9rgete en la belleza de nuestras colecciones. Un viaje a trav\u00e9s de im\u00e1genes que cuentan historias, capturadas y compartidas en un solo destino: nuestra Galer\u00eda Maestra.<\/p>\t\t\t\t\t\t\t\t<\/div>\n\t\t\t\t<\/div>\n\t\t\t\t\t<\/div>\n\t\t<\/div>\n\t\t\t\t\t<\/div>\n\t\t<\/section>\n\t\t\t\t<section class=\"elementor-section elementor-top-section elementor-element elementor-element-30b04f9 elementor-section-boxed elementor-section-height-default elementor-section-height-default\" data-id=\"30b04f9\" data-element_type=\"section\">\n\t\t\t\t\t\t<div class=\"elementor-container elementor-column-gap-default\">\n\t\t\t\t\t<div class=\"elementor-column elementor-col-100 elementor-top-column elementor-element elementor-element-9003219\" data-id=\"9003219\" data-element_type=\"column\">\n\t\t\t<div class=\"elementor-widget-wrap elementor-element-populated\">\n\t\t\t\t\t\t<div class=\"elementor-element elementor-element-daac449 elementor-widget elementor-widget-text-editor\" data-id=\"daac449\" data-element_type=\"widget\" data-widget_type=\"text-editor.default\">\n\t\t\t\t<div class=\"elementor-widget-container\">\n\t\t\t\t\t\t\t\t\t<p><style>.wp-show-posts-columns#wpsp-14853 {margin-left: -2em; }.wp-show-posts-columns#wpsp-14853 .wp-show-posts-inner {margin: 0 0 2em 2em; }<\/style><section id=\"wpsp-14853\" class=\" wp-show-posts-columns wp-show-posts\" style=\"\"><article class=\" wp-show-posts-single post-16975 post type-post status-publish format-gallery has-post-thumbnail hentry category-galeria category-noticias post_format-post-format-gallery wpsp-col-3\" itemtype=\"http:\/\/schema.org\/CreativeWork\" itemscope><div class=\"wp-show-posts-inner\" style=\"\">\t\t<div class=\"wp-show-posts-image  wpsp-image-center \">\n\t\t\t<a href=\"https:\/\/www.colsanfrancisco.edu.co\/web\/bienvenida\/\"  title=\"Bienvenida\">\t\t\t\t\t<img decoding=\"async\" src=\"https:\/\/www.colsanfrancisco.edu.co\/web\/wp-content\/uploads\/2024\/07\/WhatsApp-Image-2024-07-23-at-2.18.46-PM-1-scaled-300x300.jpeg\" alt=\"Bienvenida\" itemprop=\"image\" class=\"center\" \/>\n\t\t\t\t<\/a>\t\t<\/div>\n\t\t\t\t\t\t\t\t<div class=\"wp-show-posts-entry-summary\" itemprop=\"text\">\n\t\t\t\t\t\t\t\t\t\t\t\t\t<\/div><!-- .entry-summary -->\n\t\t\t\t\t<div class=\"wp-show-posts-entry-meta wp-show-posts-entry-meta-below-post post-meta-stack\"><span class=\"wp-show-posts-posted-on wp-show-posts-meta\">\n\t\t\t\t\t<a href=\"https:\/\/www.colsanfrancisco.edu.co\/web\/bienvenida\/\" title=\"12:27 pm\" rel=\"bookmark\"><time class=\"wp-show-posts-entry-date published\" datetime=\"2024-07-24T12:27:10+00:00\" itemprop=\"datePublished\">24 julio, 2024<\/time><time class=\"wp-show-posts-updated\" datetime=\"2024-07-24T12:27:12+00:00\" itemprop=\"dateModified\">24 julio, 2024<\/time><\/a>\n\t\t\t\t<\/span><\/div><\/div><!-- wp-show-posts-inner --><\/article><article class=\" wp-show-posts-single post-16868 post type-post status-publish format-gallery has-post-thumbnail hentry category-galeria category-noticias post_format-post-format-gallery wpsp-col-3\" itemtype=\"http:\/\/schema.org\/CreativeWork\" itemscope><div class=\"wp-show-posts-inner\" style=\"\">\t\t<div class=\"wp-show-posts-image  wpsp-image-center \">\n\t\t\t<a href=\"https:\/\/www.colsanfrancisco.edu.co\/web\/carnavales-franciscanos-2024\/\"  title=\"Carnavales Franciscanos\">\t\t\t\t\t<img decoding=\"async\" src=\"https:\/\/www.colsanfrancisco.edu.co\/web\/wp-content\/uploads\/2024\/02\/WhatsApp-Image-2024-02-11-at-1.35.08-PM-300x300.jpeg\" alt=\"Carnavales Franciscanos\" itemprop=\"image\" class=\"center\" \/>\n\t\t\t\t<\/a>\t\t<\/div>\n\t\t\t\t\t\t\t\t<div class=\"wp-show-posts-entry-summary\" itemprop=\"text\">\n\t\t\t\t\t\t\t<p>CARNAVALES SFC<\/p>\n\t\t\t\t\t\t<\/div><!-- .entry-summary -->\n\t\t\t\t\t<div class=\"wp-show-posts-entry-meta wp-show-posts-entry-meta-below-post post-meta-stack\"><span class=\"wp-show-posts-posted-on wp-show-posts-meta\">\n\t\t\t\t\t<a href=\"https:\/\/www.colsanfrancisco.edu.co\/web\/carnavales-franciscanos-2024\/\" title=\"9:31 pm\" rel=\"bookmark\"><time class=\"wp-show-posts-entry-date published\" datetime=\"2024-02-11T21:31:57+00:00\" itemprop=\"datePublished\">11 febrero, 2024<\/time><time class=\"wp-show-posts-updated\" datetime=\"2025-02-22T15:10:00+00:00\" itemprop=\"dateModified\">22 febrero, 2025<\/time><\/a>\n\t\t\t\t<\/span><\/div><\/div><!-- wp-show-posts-inner --><\/article><article class=\" wp-show-posts-single post-14860 post type-post status-publish format-gallery has-post-thumbnail hentry category-galeria post_format-post-format-gallery wpsp-col-3\" itemtype=\"http:\/\/schema.org\/CreativeWork\" itemscope><div class=\"wp-show-posts-inner\" style=\"\">\t\t<div class=\"wp-show-posts-image  wpsp-image-center \">\n\t\t\t<a href=\"https:\/\/www.colsanfrancisco.edu.co\/web\/grados-2023\/\"  title=\"Grados-2023\">\t\t\t\t\t<img decoding=\"async\" src=\"https:\/\/www.colsanfrancisco.edu.co\/web\/wp-content\/uploads\/2023\/12\/Grados0-300x300.jpg\" alt=\"Grados-2023\" itemprop=\"image\" class=\"center\" \/>\n\t\t\t\t<\/a>\t\t<\/div>\n\t\t\t\t\t\t\t\t<div class=\"wp-show-posts-entry-summary\" itemprop=\"text\">\n\t\t\t\t\t\t\t<p>\ud83c\udf93 Momentos de Triunfo: Galer\u00eda de Graduaci\u00f3n 2023 \ud83c\udf1f<\/p>\n\t\t\t\t\t\t<\/div><!-- .entry-summary -->\n\t\t\t\t\t<div class=\"wp-show-posts-entry-meta wp-show-posts-entry-meta-below-post post-meta-stack\"><span class=\"wp-show-posts-posted-on wp-show-posts-meta\">\n\t\t\t\t\t<a href=\"https:\/\/www.colsanfrancisco.edu.co\/web\/grados-2023\/\" title=\"1:10 pm\" rel=\"bookmark\"><time class=\"wp-show-posts-entry-date published\" datetime=\"2023-12-05T13:10:17+00:00\" itemprop=\"datePublished\">5 diciembre, 2023<\/time><time class=\"wp-show-posts-updated\" datetime=\"2023-12-18T18:59:03+00:00\" itemprop=\"dateModified\">18 diciembre, 2023<\/time><\/a>\n\t\t\t\t<\/span><\/div><\/div><!-- wp-show-posts-inner --><\/article><article class=\" wp-show-posts-single post-12206 post type-post status-publish format-gallery has-post-thumbnail hentry category-galeria post_format-post-format-gallery wpsp-col-3\" itemtype=\"http:\/\/schema.org\/CreativeWork\" itemscope><div class=\"wp-show-posts-inner\" style=\"\">\t\t<div class=\"wp-show-posts-image  wpsp-image-center \">\n\t\t\t<a href=\"https:\/\/www.colsanfrancisco.edu.co\/web\/dia-del-idioma-2\/\"  title=\"D\u00cdA DEL IDIOMA 2023\">\t\t\t\t\t<img decoding=\"async\" src=\"https:\/\/www.colsanfrancisco.edu.co\/web\/wp-content\/uploads\/2023\/04\/WhatsApp-Image-2023-04-21-at-7.54.16-PM-300x300.jpeg\" alt=\"D\u00cdA DEL IDIOMA 2023\" itemprop=\"image\" class=\"center\" \/>\n\t\t\t\t<\/a>\t\t<\/div>\n\t\t\t\t\t\t\t\t<div class=\"wp-show-posts-entry-summary\" itemprop=\"text\">\n\t\t\t\t\t\t\t<p>D\u00cdA DEL IDIOMA<\/p>\n\t\t\t\t\t\t<\/div><!-- .entry-summary -->\n\t\t\t\t\t<div class=\"wp-show-posts-entry-meta wp-show-posts-entry-meta-below-post post-meta-stack\"><span class=\"wp-show-posts-posted-on wp-show-posts-meta\">\n\t\t\t\t\t<a href=\"https:\/\/www.colsanfrancisco.edu.co\/web\/dia-del-idioma-2\/\" title=\"4:32 pm\" rel=\"bookmark\"><time class=\"wp-show-posts-entry-date published\" datetime=\"2023-04-22T16:32:58+00:00\" itemprop=\"datePublished\">22 abril, 2023<\/time><time class=\"wp-show-posts-updated\" datetime=\"2025-02-22T15:02:51+00:00\" itemprop=\"dateModified\">22 febrero, 2025<\/time><\/a>\n\t\t\t\t<\/span><\/div><\/div><!-- wp-show-posts-inner --><\/article><article class=\" wp-show-posts-single post-12135 post type-post status-publish format-standard has-post-thumbnail hentry category-galeria category-noticias wpsp-col-3\" itemtype=\"http:\/\/schema.org\/CreativeWork\" itemscope><div class=\"wp-show-posts-inner\" style=\"\">\t\t<div class=\"wp-show-posts-image  wpsp-image-center \">\n\t\t\t<a href=\"https:\/\/www.colsanfrancisco.edu.co\/web\/feliz-dia-de-la-mujer\/\"  title=\"Feliz D\u00eda de la Mujer\">\t\t\t\t\t<img decoding=\"async\" src=\"https:\/\/www.colsanfrancisco.edu.co\/web\/wp-content\/uploads\/2023\/03\/WhatsApp-Image-2023-03-08-at-8.09.11-AM-300x300.jpeg\" alt=\"Feliz D\u00eda de la Mujer\" itemprop=\"image\" class=\"center\" \/>\n\t\t\t\t<\/a>\t\t<\/div>\n\t\t\t\t\t\t\t\t<div class=\"wp-show-posts-entry-summary\" itemprop=\"text\">\n\t\t\t\t\t\t\t<p>FELIZ D\u00cdA DE LA MUJER<\/p>\n\t\t\t\t\t\t<\/div><!-- .entry-summary -->\n\t\t\t\t\t<div class=\"wp-show-posts-entry-meta wp-show-posts-entry-meta-below-post post-meta-stack\"><span class=\"wp-show-posts-posted-on wp-show-posts-meta\">\n\t\t\t\t\t<a href=\"https:\/\/www.colsanfrancisco.edu.co\/web\/feliz-dia-de-la-mujer\/\" title=\"4:07 pm\" rel=\"bookmark\"><time class=\"wp-show-posts-entry-date published\" datetime=\"2023-03-08T16:07:11+00:00\" itemprop=\"datePublished\">8 marzo, 2023<\/time><time class=\"wp-show-posts-updated\" datetime=\"2023-12-18T19:11:50+00:00\" itemprop=\"dateModified\">18 diciembre, 2023<\/time><\/a>\n\t\t\t\t<\/span><\/div><\/div><!-- wp-show-posts-inner --><\/article><article class=\" wp-show-posts-single post-12114 post type-post status-publish format-standard hentry category-galeria category-noticias wpsp-col-3\" itemtype=\"http:\/\/schema.org\/CreativeWork\" itemscope><div class=\"wp-show-posts-inner\" style=\"\">\t\t\t\t\t\t<div class=\"wp-show-posts-entry-summary\" itemprop=\"text\">\n\t\t\t\t\t\t\t<p>Carnavales Franciscanos 2023<\/p>\n\t\t\t\t\t\t<\/div><!-- .entry-summary -->\n\t\t\t\t\t<div class=\"wp-show-posts-entry-meta wp-show-posts-entry-meta-below-post post-meta-stack\"><span class=\"wp-show-posts-posted-on wp-show-posts-meta\">\n\t\t\t\t\t<a href=\"https:\/\/www.colsanfrancisco.edu.co\/web\/carnavales-franciscanos-2023\/\" title=\"1:24 pm\" rel=\"bookmark\"><time class=\"wp-show-posts-entry-date published\" datetime=\"2023-03-02T13:24:28+00:00\" itemprop=\"datePublished\">2 marzo, 2023<\/time><time class=\"wp-show-posts-updated\" datetime=\"2023-12-15T15:48:25+00:00\" itemprop=\"dateModified\">15 diciembre, 2023<\/time><\/a>\n\t\t\t\t<\/span><\/div><\/div><!-- wp-show-posts-inner --><\/article><div class=\"wpsp-clear\"><\/div><\/section><!-- .wp-show-posts --><\/p>\t\t\t\t\t\t\t\t<\/div>\n\t\t\t\t<\/div>\n\t\t\t\t\t<\/div>\n\t\t<\/div>\n\t\t\t\t\t<\/div>\n\t\t<\/section>\n\t\t\t\t<section class=\"elementor-section elementor-top-section elementor-element elementor-element-6818b0c elementor-section-boxed elementor-section-height-default elementor-section-height-default\" data-id=\"6818b0c\" data-element_type=\"section\" data-settings=\"{&quot;shape_divider_bottom&quot;:&quot;mountains&quot;}\">\n\t\t\t\t\t<div class=\"elementor-shape elementor-shape-bottom\" data-negative=\"false\">\n\t\t\t<svg xmlns=\"http:\/\/www.w3.org\/2000\/svg\" viewBox=\"0 0 1000 100\" preserveAspectRatio=\"none\">\n\t<path class=\"elementor-shape-fill\" opacity=\"0.33\" d=\"M473,67.3c-203.9,88.3-263.1-34-320.3,0C66,119.1,0,59.7,0,59.7V0h1000v59.7 c0,0-62.1,26.1-94.9,29.3c-32.8,3.3-62.8-12.3-75.8-22.1C806,49.6,745.3,8.7,694.9,4.7S492.4,59,473,67.3z\"\/>\n\t<path class=\"elementor-shape-fill\" opacity=\"0.66\" d=\"M734,67.3c-45.5,0-77.2-23.2-129.1-39.1c-28.6-8.7-150.3-10.1-254,39.1 s-91.7-34.4-149.2,0C115.7,118.3,0,39.8,0,39.8V0h1000v36.5c0,0-28.2-18.5-92.1-18.5C810.2,18.1,775.7,67.3,734,67.3z\"\/>\n\t<path class=\"elementor-shape-fill\" d=\"M766.1,28.9c-200-57.5-266,65.5-395.1,19.5C242,1.8,242,5.4,184.8,20.6C128,35.8,132.3,44.9,89.9,52.5C28.6,63.7,0,0,0,0 h1000c0,0-9.9,40.9-83.6,48.1S829.6,47,766.1,28.9z\"\/>\n<\/svg>\t\t<\/div>\n\t\t\t\t\t<div class=\"elementor-container elementor-column-gap-default\">\n\t\t\t\t\t<div class=\"elementor-column elementor-col-100 elementor-top-column elementor-element elementor-element-7a1bfc8\" data-id=\"7a1bfc8\" data-element_type=\"column\">\n\t\t\t<div class=\"elementor-widget-wrap elementor-element-populated\">\n\t\t\t\t\t\t<div class=\"elementor-element elementor-element-d4eafeb elementor-widget elementor-widget-spacer\" data-id=\"d4eafeb\" data-element_type=\"widget\" data-widget_type=\"spacer.default\">\n\t\t\t\t<div class=\"elementor-widget-container\">\n\t\t\t\t\t\t\t<div class=\"elementor-spacer\">\n\t\t\t<div class=\"elementor-spacer-inner\"><\/div>\n\t\t<\/div>\n\t\t\t\t\t\t<\/div>\n\t\t\t\t<\/div>\n\t\t\t\t\t<\/div>\n\t\t<\/div>\n\t\t\t\t\t<\/div>\n\t\t<\/section>\n\t\t\t\t<\/div>\n\t\t","protected":false},"excerpt":{"rendered":"<p>Galer\u00eda Maestra Bienvenido al epicentro visual donde convergen todas nuestras galer\u00edas de fotos. Explora la diversidad de momentos capturados y sum\u00e9rgete en la belleza de nuestras colecciones. Un viaje a trav\u00e9s de im\u00e1genes que cuentan historias, capturadas y compartidas en un solo destino: nuestra Galer\u00eda Maestra.<\/p>\n","protected":false},"author":1,"featured_media":0,"parent":0,"menu_order":0,"comment_status":"closed","ping_status":"closed","template":"","meta":{"site-sidebar-layout":"no-sidebar","site-content-layout":"","ast-site-content-layout":"full-width-container","site-content-style":"default","site-sidebar-style":"default","ast-global-header-display":"","ast-banner-title-visibility":"","ast-main-header-display":"","ast-hfb-above-header-display":"","ast-hfb-below-header-display":"","ast-hfb-mobile-header-display":"","site-post-title":"disabled","ast-breadcrumbs-content":"","ast-featured-img":"disabled","footer-sml-layout":"","ast-disable-related-posts":"","theme-transparent-header-meta":"","adv-header-id-meta":"","stick-header-meta":"","header-above-stick-meta":"","header-main-stick-meta":"","header-below-stick-meta":"","astra-migrate-meta-layouts":"","ast-page-background-enabled":"default","ast-page-background-meta":{"desktop":{"background-color":"var(--ast-global-color-4)","background-image":"","background-repeat":"repeat","background-position":"center center","background-size":"auto","background-attachment":"scroll","background-type":"","background-media":"","overlay-type":"","overlay-color":"","overlay-opacity":"","overlay-gradient":""},"tablet":{"background-color":"","background-image":"","background-repeat":"repeat","background-position":"center center","background-size":"auto","background-attachment":"scroll","background-type":"","background-media":"","overlay-type":"","overlay-color":"","overlay-opacity":"","overlay-gradient":""},"mobile":{"background-color":"","background-image":"","background-repeat":"repeat","background-position":"center center","background-size":"auto","background-attachment":"scroll","background-type":"","background-media":"","overlay-type":"","overlay-color":"","overlay-opacity":"","overlay-gradient":""}},"ast-content-background-meta":{"desktop":{"background-color":"var(--ast-global-color-5)","background-image":"","background-repeat":"repeat","background-position":"center center","background-size":"auto","background-attachment":"scroll","background-type":"","background-media":"","overlay-type":"","overlay-color":"","overlay-opacity":"","overlay-gradient":""},"tablet":{"background-color":"var(--ast-global-color-5)","background-image":"","background-repeat":"repeat","background-position":"center center","background-size":"auto","background-attachment":"scroll","background-type":"","background-media":"","overlay-type":"","overlay-color":"","overlay-opacity":"","overlay-gradient":""},"mobile":{"background-color":"var(--ast-global-color-5)","background-image":"","background-repeat":"repeat","background-position":"center center","background-size":"auto","background-attachment":"scroll","background-type":"","background-media":"","overlay-type":"","overlay-color":"","overlay-opacity":"","overlay-gradient":""}},"ngg_post_thumbnail":0,"footnotes":""},"yoast_head":"<!-- This site is optimized with the Yoast SEO plugin v21.7 - https:\/\/yoast.com\/wordpress\/plugins\/seo\/ -->\n<title>Galer\u00eda - Colegio San Francisco<\/title>\n<meta name=\"description\" content=\"Explora nuestras fotos donde capturamos momento inolvidables, Sum\u00e9rgete en recuerdos visuales y comparte nuestras experiencias.\" \/>\n<meta name=\"robots\" content=\"index, follow, max-snippet:-1, max-image-preview:large, max-video-preview:-1\" \/>\n<link rel=\"canonical\" href=\"https:\/\/www.colsanfrancisco.edu.co\/web\/galeria\/\" \/>\n<meta property=\"og:locale\" content=\"es_ES\" \/>\n<meta property=\"og:type\" content=\"article\" \/>\n<meta property=\"og:title\" content=\"Galer\u00eda - Colegio San Francisco\" \/>\n<meta property=\"og:description\" content=\"Explora nuestras fotos donde capturamos momento inolvidables, Sum\u00e9rgete en recuerdos visuales y comparte nuestras experiencias.\" \/>\n<meta property=\"og:url\" content=\"https:\/\/www.colsanfrancisco.edu.co\/web\/galeria\/\" \/>\n<meta property=\"og:site_name\" content=\"Colegio San Francisco\" \/>\n<meta property=\"article:publisher\" content=\"https:\/\/www.facebook.com\/people\/Colegio-San-Francisco\/100092009992239\/\" \/>\n<meta property=\"article:modified_time\" content=\"2023-12-15T16:09:32+00:00\" \/>\n<meta property=\"og:image\" content=\"https:\/\/www.colsanfrancisco.edu.co\/web\/wp-content\/uploads\/2023\/09\/Escudo-1.png\" \/>\n\t<meta property=\"og:image:width\" content=\"441\" \/>\n\t<meta property=\"og:image:height\" content=\"525\" \/>\n\t<meta property=\"og:image:type\" content=\"image\/png\" \/>\n<meta name=\"twitter:card\" content=\"summary_large_image\" \/>\n<meta name=\"twitter:label1\" content=\"Tiempo de lectura\" \/>\n\t<meta name=\"twitter:data1\" content=\"2 minutos\" \/>\n<script type=\"application\/ld+json\" class=\"yoast-schema-graph\">{\"@context\":\"https:\/\/schema.org\",\"@graph\":[{\"@type\":\"WebPage\",\"@id\":\"https:\/\/www.colsanfrancisco.edu.co\/web\/galeria\/\",\"url\":\"https:\/\/www.colsanfrancisco.edu.co\/web\/galeria\/\",\"name\":\"Galer\u00eda - Colegio San Francisco\",\"isPartOf\":{\"@id\":\"https:\/\/www.colsanfrancisco.edu.co\/web\/#website\"},\"datePublished\":\"2023-12-04T20:04:37+00:00\",\"dateModified\":\"2023-12-15T16:09:32+00:00\",\"description\":\"Explora nuestras fotos donde capturamos momento inolvidables, Sum\u00e9rgete en recuerdos visuales y comparte nuestras experiencias.\",\"breadcrumb\":{\"@id\":\"https:\/\/www.colsanfrancisco.edu.co\/web\/galeria\/#breadcrumb\"},\"inLanguage\":\"es\",\"potentialAction\":[{\"@type\":\"ReadAction\",\"target\":[\"https:\/\/www.colsanfrancisco.edu.co\/web\/galeria\/\"]}]},{\"@type\":\"BreadcrumbList\",\"@id\":\"https:\/\/www.colsanfrancisco.edu.co\/web\/galeria\/#breadcrumb\",\"itemListElement\":[{\"@type\":\"ListItem\",\"position\":1,\"name\":\"Portada\",\"item\":\"https:\/\/www.colsanfrancisco.edu.co\/web\/\"},{\"@type\":\"ListItem\",\"position\":2,\"name\":\"Galer\u00eda\"}]},{\"@type\":\"WebSite\",\"@id\":\"https:\/\/www.colsanfrancisco.edu.co\/web\/#website\",\"url\":\"https:\/\/www.colsanfrancisco.edu.co\/web\/\",\"name\":\"Colegio San Francisco\",\"description\":\"Educando hombres y mujeres de Paz y Bien\",\"publisher\":{\"@id\":\"https:\/\/www.colsanfrancisco.edu.co\/web\/#organization\"},\"potentialAction\":[{\"@type\":\"SearchAction\",\"target\":{\"@type\":\"EntryPoint\",\"urlTemplate\":\"https:\/\/www.colsanfrancisco.edu.co\/web\/?s={search_term_string}\"},\"query-input\":\"required name=search_term_string\"}],\"inLanguage\":\"es\"},{\"@type\":\"Organization\",\"@id\":\"https:\/\/www.colsanfrancisco.edu.co\/web\/#organization\",\"name\":\"Colegio San Francisco\",\"url\":\"https:\/\/www.colsanfrancisco.edu.co\/web\/\",\"logo\":{\"@type\":\"ImageObject\",\"inLanguage\":\"es\",\"@id\":\"https:\/\/www.colsanfrancisco.edu.co\/web\/#\/schema\/logo\/image\/\",\"url\":\"https:\/\/www.colsanfrancisco.edu.co\/web\/wp-content\/uploads\/2023\/09\/Escudo-1.png\",\"contentUrl\":\"https:\/\/www.colsanfrancisco.edu.co\/web\/wp-content\/uploads\/2023\/09\/Escudo-1.png\",\"width\":441,\"height\":525,\"caption\":\"Colegio San Francisco\"},\"image\":{\"@id\":\"https:\/\/www.colsanfrancisco.edu.co\/web\/#\/schema\/logo\/image\/\"},\"sameAs\":[\"https:\/\/www.facebook.com\/people\/Colegio-San-Francisco\/100092009992239\/\",\"https:\/\/www.instagram.com\/colsanfrancisco\/\"]}]}<\/script>\n<!-- \/ Yoast SEO plugin. -->","yoast_head_json":{"title":"Galer\u00eda - Colegio San Francisco","description":"Explora nuestras fotos donde capturamos momento inolvidables, Sum\u00e9rgete en recuerdos visuales y comparte nuestras experiencias.","robots":{"index":"index","follow":"follow","max-snippet":"max-snippet:-1","max-image-preview":"max-image-preview:large","max-video-preview":"max-video-preview:-1"},"canonical":"https:\/\/www.colsanfrancisco.edu.co\/web\/galeria\/","og_locale":"es_ES","og_type":"article","og_title":"Galer\u00eda - Colegio San Francisco","og_description":"Explora nuestras fotos donde capturamos momento inolvidables, Sum\u00e9rgete en recuerdos visuales y comparte nuestras experiencias.","og_url":"https:\/\/www.colsanfrancisco.edu.co\/web\/galeria\/","og_site_name":"Colegio San Francisco","article_publisher":"https:\/\/www.facebook.com\/people\/Colegio-San-Francisco\/100092009992239\/","article_modified_time":"2023-12-15T16:09:32+00:00","og_image":[{"width":441,"height":525,"url":"https:\/\/www.colsanfrancisco.edu.co\/web\/wp-content\/uploads\/2023\/09\/Escudo-1.png","type":"image\/png"}],"twitter_card":"summary_large_image","twitter_misc":{"Tiempo de lectura":"2 minutos"},"schema":{"@context":"https:\/\/schema.org","@graph":[{"@type":"WebPage","@id":"https:\/\/www.colsanfrancisco.edu.co\/web\/galeria\/","url":"https:\/\/www.colsanfrancisco.edu.co\/web\/galeria\/","name":"Galer\u00eda - Colegio San Francisco","isPartOf":{"@id":"https:\/\/www.colsanfrancisco.edu.co\/web\/#website"},"datePublished":"2023-12-04T20:04:37+00:00","dateModified":"2023-12-15T16:09:32+00:00","description":"Explora nuestras fotos donde capturamos momento inolvidables, Sum\u00e9rgete en recuerdos visuales y comparte nuestras experiencias.","breadcrumb":{"@id":"https:\/\/www.colsanfrancisco.edu.co\/web\/galeria\/#breadcrumb"},"inLanguage":"es","potentialAction":[{"@type":"ReadAction","target":["https:\/\/www.colsanfrancisco.edu.co\/web\/galeria\/"]}]},{"@type":"BreadcrumbList","@id":"https:\/\/www.colsanfrancisco.edu.co\/web\/galeria\/#breadcrumb","itemListElement":[{"@type":"ListItem","position":1,"name":"Portada","item":"https:\/\/www.colsanfrancisco.edu.co\/web\/"},{"@type":"ListItem","position":2,"name":"Galer\u00eda"}]},{"@type":"WebSite","@id":"https:\/\/www.colsanfrancisco.edu.co\/web\/#website","url":"https:\/\/www.colsanfrancisco.edu.co\/web\/","name":"Colegio San Francisco","description":"Educando hombres y mujeres de Paz y Bien","publisher":{"@id":"https:\/\/www.colsanfrancisco.edu.co\/web\/#organization"},"potentialAction":[{"@type":"SearchAction","target":{"@type":"EntryPoint","urlTemplate":"https:\/\/www.colsanfrancisco.edu.co\/web\/?s={search_term_string}"},"query-input":"required name=search_term_string"}],"inLanguage":"es"},{"@type":"Organization","@id":"https:\/\/www.colsanfrancisco.edu.co\/web\/#organization","name":"Colegio San Francisco","url":"https:\/\/www.colsanfrancisco.edu.co\/web\/","logo":{"@type":"ImageObject","inLanguage":"es","@id":"https:\/\/www.colsanfrancisco.edu.co\/web\/#\/schema\/logo\/image\/","url":"https:\/\/www.colsanfrancisco.edu.co\/web\/wp-content\/uploads\/2023\/09\/Escudo-1.png","contentUrl":"https:\/\/www.colsanfrancisco.edu.co\/web\/wp-content\/uploads\/2023\/09\/Escudo-1.png","width":441,"height":525,"caption":"Colegio San Francisco"},"image":{"@id":"https:\/\/www.colsanfrancisco.edu.co\/web\/#\/schema\/logo\/image\/"},"sameAs":["https:\/\/www.facebook.com\/people\/Colegio-San-Francisco\/100092009992239\/","https:\/\/www.instagram.com\/colsanfrancisco\/"]}]}},"_links":{"self":[{"href":"https:\/\/www.colsanfrancisco.edu.co\/web\/wp-json\/wp\/v2\/pages\/14797"}],"collection":[{"href":"https:\/\/www.colsanfrancisco.edu.co\/web\/wp-json\/wp\/v2\/pages"}],"about":[{"href":"https:\/\/www.colsanfrancisco.edu.co\/web\/wp-json\/wp\/v2\/types\/page"}],"author":[{"embeddable":true,"href":"https:\/\/www.colsanfrancisco.edu.co\/web\/wp-json\/wp\/v2\/users\/1"}],"replies":[{"embeddable":true,"href":"https:\/\/www.colsanfrancisco.edu.co\/web\/wp-json\/wp\/v2\/comments?post=14797"}],"version-history":[{"count":50,"href":"https:\/\/www.colsanfrancisco.edu.co\/web\/wp-json\/wp\/v2\/pages\/14797\/revisions"}],"predecessor-version":[{"id":16472,"href":"https:\/\/www.colsanfrancisco.edu.co\/web\/wp-json\/wp\/v2\/pages\/14797\/revisions\/16472"}],"wp:attachment":[{"href":"https:\/\/www.colsanfrancisco.edu.co\/web\/wp-json\/wp\/v2\/media?parent=14797"}],"curies":[{"name":"wp","href":"https:\/\/api.w.org\/{rel}","templated":true}]}}